{"id":9555,"date":"2025-08-07T16:28:02","date_gmt":"2025-08-07T16:28:02","guid":{"rendered":"https:\/\/www.hotelhasslerroma.com\/toscana-e-umbria\/"},"modified":"2025-11-20T16:35:42","modified_gmt":"2025-11-20T16:35:42","slug":"toscana-e-umbria","status":"publish","type":"page","link":"https:\/\/www.hotelhasslerroma.com\/it\/toscana-e-umbria\/","title":{"rendered":"Toscana e Umbria"},"content":{"rendered":"\n<section class=\"block block-hero-half dark-section\"  aria-labelledby=\"proprieta-della-famiglia-wirthtoscana-umbria\" data-text-align=\"start\" data-height=\"shorter\">\n    <div class=\"layers\">\n        <div class=\"layer layer-bg\">\n            <div class=\"img-wrapper img-wrapper-ratio\">\n                                    <img decoding=\"async\" width=\"2880\" height=\"1913\" src=\"https:\/\/www.hotelhasslerroma.com\/wp-content\/uploads\/2025\/08\/63e3353e9fe218cb544193bea66193882abb7e7e.webp\" class=\"attachment-full size-full\" alt=\"\" loading=\"lazy\" data-speed=\"auto\" style=\"object-position: center;\" srcset=\"https:\/\/www.hotelhasslerroma.com\/wp-content\/uploads\/2025\/08\/63e3353e9fe218cb544193bea66193882abb7e7e.webp 2880w, https:\/\/www.hotelhasslerroma.com\/wp-content\/uploads\/2025\/08\/63e3353e9fe218cb544193bea66193882abb7e7e-300x199.webp 300w, https:\/\/www.hotelhasslerroma.com\/wp-content\/uploads\/2025\/08\/63e3353e9fe218cb544193bea66193882abb7e7e-1024x680.webp 1024w, https:\/\/www.hotelhasslerroma.com\/wp-content\/uploads\/2025\/08\/63e3353e9fe218cb544193bea66193882abb7e7e-768x510.webp 768w, https:\/\/www.hotelhasslerroma.com\/wp-content\/uploads\/2025\/08\/63e3353e9fe218cb544193bea66193882abb7e7e-1536x1020.webp 1536w, https:\/\/www.hotelhasslerroma.com\/wp-content\/uploads\/2025\/08\/63e3353e9fe218cb544193bea66193882abb7e7e-2048x1360.webp 2048w\" sizes=\"auto, (max-width: 2880px) 100vw, 2880px\" \/>                                            <\/div>\n        <\/div>\n        <div class=\"layer layer-fg\">\n            <div class=\"container container-14\">\n                <div class=\"text\">\n                    <hgroup>\n                        <div class=\"title fs-title-1 ff-serif\">\n                            <h1 id=\"proprieta-della-famiglia-wirthtoscana-umbria\">\n                                Propriet\u00e0 della famiglia Wirth:<br \/>\n<em>Toscana &amp; Umbria<\/em>\n                            <\/h1>\n                        <\/div>\n                                                    <div class=\"section-title fs-label\">\n                                <p>TOSCANA E UMBRIA<\/p>\n                            <\/div>\n                                            <\/hgroup>\n                <\/div>\n                            <\/div>\n        <\/div>\n    <\/div>\n<\/section>\n\n\n\n    <section class=\"block block-split \"  data-theme=\"transparent\" data-flipped=\"true\" aria-labelledby=\"resort-di-lusso\">\n        <div class=\"container container-14\">\n            <div class=\"text\">\n                                    <hgroup>\n                                                    <div class=\"section-title section-title-decorated fs-label\">\n                                <h2 id=\"resort-di-lusso\">RESORT DI LUSSO<\/h2>\n                            <\/div>\n                                                                            <div class=\"title fs-title-3 ff-serif\">\n                                                                                                    <p><p><em>Borgo<\/em><br \/>\nbastia creti<\/p>\n<\/p>\n                                                            <\/div>\n                                            <\/hgroup>\n                                                    <div class=\"description rich-text fs-body-small\">\n                        <p>Borgo Bastia Creti si trova in una posizione perfetta tra Umbria e Toscana, situato sulla cima di una collina con una spettacolare vista a 360 gradi sulla campagna, questo borgo storico risale al 1433. I proprietari, la famiglia Bucher-Wirth con una lunga tradizione nell&#8217;ospitalit\u00e0 da cinque generazioni, hanno restaurato con cura questa incredibile propriet\u00e0 per offrire l&#8217;opportunit\u00e0 di una vacanza di una vita.<\/p>\n                    <\/div>\n                                                    <div class=\"cta\">\n                                    <a  href=\"https:\/\/www.bastiacreti.it\/\" target=\"_blank\" aria-labelledby=\"resort-di-lusso\" class=\"btn btn-primary\">\n            <span class=\"btn-text\">scopri di pi\u00f9<\/span>\n        <\/a>\n\n    \n                    <\/div>\n                                            <\/div>\n            <div class=\"img-wrapper img-wrapper-ratio\">\n                                    <img decoding=\"async\" width=\"1920\" height=\"1100\" src=\"https:\/\/www.hotelhasslerroma.com\/wp-content\/uploads\/2025\/08\/af93da6ce0ce155957a0b62aa84a83ab04ebee31.jpg\" class=\"attachment-full size-full\" alt=\"\" loading=\"lazy\" data-speed=\"auto\" srcset=\"https:\/\/www.hotelhasslerroma.com\/wp-content\/uploads\/2025\/08\/af93da6ce0ce155957a0b62aa84a83ab04ebee31.jpg\" \/>                            <\/div>\n        <\/div>\n    <\/section>\n\n\n\n<section\n        class=\"block block-banner-description dark-section\"\n    >\n    <div class=\"layers\">\n        <div class=\"layer layer-bg\">\n            <div class=\"img-wrapper img-wrapper-ratio\">\n                <img decoding=\"async\" width=\"1500\" height=\"1000\" src=\"https:\/\/www.hotelhasslerroma.com\/wp-content\/uploads\/2025\/08\/0905d702854fbb0353de823aaf73f6e7a496db18.jpg\" class=\"attachment-full size-full\" alt=\"\" loading=\"lazy\" data-speed=\"auto\" srcset=\"https:\/\/www.hotelhasslerroma.com\/wp-content\/uploads\/2025\/08\/0905d702854fbb0353de823aaf73f6e7a496db18.jpg 1500w, https:\/\/www.hotelhasslerroma.com\/wp-content\/uploads\/2025\/08\/0905d702854fbb0353de823aaf73f6e7a496db18-300x200.jpg 300w, https:\/\/www.hotelhasslerroma.com\/wp-content\/uploads\/2025\/08\/0905d702854fbb0353de823aaf73f6e7a496db18-1024x683.jpg 1024w, https:\/\/www.hotelhasslerroma.com\/wp-content\/uploads\/2025\/08\/0905d702854fbb0353de823aaf73f6e7a496db18-768x512.jpg 768w\" sizes=\"auto, (max-width: 1500px) 100vw, 1500px\" \/>            <\/div>\n        <\/div>\n        <div class=\"layer layer-fg\">\n            <div class=\"container container-12\">\n                <div class=\"texts\">\n                                            <div class=\"titles-wrapper\">\n                                                            <div class=\"title fs-title-3 ff-serif\">\n                                    <h2><p><em>Parco del<\/em><br \/>\nprincipe<\/p>\n<\/h2>\n                                <\/div>\n                                                                                        <div class=\"description rich-text fs-body-small\">\n                                    <p>Il Parco del Principe, un ambiente intimo nascosto nella lussureggiante campagna tra la Toscana e l&#8217;Umbria, \u00e8 la base ideale per esplorare i numerosi e incantevoli dintorni. Questa posizione unica ti permetter\u00e0 di conoscere i tesori ben conservati della natura, delle arti e delle nobili tradizioni. Allo stesso tempo, potrai assaporare cibi raffinati, vini eccellenti e trovare il tempo per praticare i tuoi sport preferiti o per occuparti del tuo benessere personale.<\/p>\n                                <\/div>\n                                                    <\/div>\n                    \n                                            <div class=\"section-title section-title-decorated fs-label\">\n                            <p>villa di lusso<\/p>\n                        <\/div>\n                    \n                                            <div class=\"final-text\">\n                                                                                <\/div>\n                    \n                                            <div class=\"cta\">\n                                        <a  href=\"https:\/\/www.parcodelprincipe.it\/\" target=\"_blank\" class=\"btn btn-primary\">\n            <span class=\"btn-text\">scopri di pi\u00f9<\/span>\n        <\/a>\n\n    \n                        <\/div>\n                                    <\/div>\n            <\/div>\n        <\/div>\n    <\/div>\n<\/section>\n\n\n\n    <section class=\"block block-split \"  data-theme=\"transparent\" data-flipped=\"false\" aria-labelledby=\"hotel-boutique\">\n        <div class=\"container container-14\">\n            <div class=\"text\">\n                                    <hgroup>\n                                                    <div class=\"section-title section-title-decorated fs-label\">\n                                <h2 id=\"hotel-boutique\">hotel boutique<\/h2>\n                            <\/div>\n                                                                            <div class=\"title fs-title-3 ff-serif\">\n                                                                                                    <p><p><em>Hotel<\/em><br \/>\nvannucci<\/p>\n<\/p>\n                                                            <\/div>\n                                            <\/hgroup>\n                                                    <div class=\"description rich-text fs-body-small\">\n                        <p>L&#8217;Hotel Vannucci \u00e8 un boutique hotel in villa di 30 camere di alto livello. Si trova al confine tra Umbria e Toscana, nel centro storico della citt\u00e0 medievale di Citt\u00e0 della Pieve, arroccato su una collina a 508 metri sul livello del mare che domina il Lago Trasimeno e l&#8217;incantevole Val di Chiana. Situato all&#8217;interno di un grazioso giardino recintato, il Vannucci si trova a pochi passi dall&#8217;imponente centro medievale della citt\u00e0.<\/p>\n                    <\/div>\n                                                    <div class=\"cta\">\n                                    <a  href=\"https:\/\/www.hotel-vannucci.com\/en\/\" target=\"_blank\" aria-labelledby=\"hotel-boutique\" class=\"btn btn-primary\">\n            <span class=\"btn-text\">scopri di pi\u00f9<\/span>\n        <\/a>\n\n    \n                    <\/div>\n                                            <\/div>\n            <div class=\"img-wrapper img-wrapper-ratio\">\n                                    <img decoding=\"async\" width=\"2500\" height=\"1606\" src=\"https:\/\/www.hotelhasslerroma.com\/wp-content\/uploads\/2025\/11\/lowres_VANNUCCI.webp\" class=\"attachment-full size-full\" alt=\"\" loading=\"lazy\" data-speed=\"auto\" srcset=\"https:\/\/www.hotelhasslerroma.com\/wp-content\/uploads\/2025\/11\/lowres_VANNUCCI.webp\" \/>                            <\/div>\n        <\/div>\n    <\/section>\n","protected":false},"excerpt":{"rendered":"","protected":false},"author":1,"featured_media":0,"parent":0,"menu_order":0,"comment_status":"closed","ping_status":"closed","template":"","meta":{"_acf_changed":false,"inline_featured_image":false,"footnotes":""},"class_list":["post-9555","page","type-page","status-publish","hentry"],"acf":[],"yoast_head":"<!-- This site is optimized with the Yoast SEO plugin v27.4 - https:\/\/yoast.com\/product\/yoast-seo-wordpress\/ -->\n<title>Propriet\u00e0 Famiglia Wirth in Toscana &amp; Umbria | Hotel Hassler Roma<\/title>\n<meta name=\"description\" content=\"Scopri le propriet\u00e0 della Famiglia Wirth: resort, ville e boutique hotel di lusso in Toscana e Umbria, tra natura, charme ed eccellenza nell\u2019ospitalit\u00e0.\" \/>\n<meta name=\"robots\" content=\"index, follow, max-snippet:-1, max-image-preview:large, max-video-preview:-1\" \/>\n<link rel=\"canonical\" href=\"https:\/\/www.hotelhasslerroma.com\/it\/toscana-e-umbria\/\" \/>\n<meta property=\"og:locale\" content=\"it_IT\" \/>\n<meta property=\"og:type\" content=\"article\" \/>\n<meta property=\"og:title\" content=\"Propriet\u00e0 Famiglia Wirth in Toscana &amp; Umbria | Hotel Hassler Roma\" \/>\n<meta property=\"og:description\" content=\"Scopri le propriet\u00e0 della Famiglia Wirth: resort, ville e boutique hotel di lusso in Toscana e Umbria, tra natura, charme ed eccellenza nell\u2019ospitalit\u00e0.\" \/>\n<meta property=\"og:url\" content=\"https:\/\/www.hotelhasslerroma.com\/it\/toscana-e-umbria\/\" \/>\n<meta property=\"og:site_name\" content=\"Hassler\" \/>\n<meta property=\"article:publisher\" content=\"https:\/\/www.facebook.com\/hotelhasslerroma\" \/>\n<meta property=\"article:modified_time\" content=\"2025-11-20T16:35:42+00:00\" \/>\n<meta property=\"og:image\" content=\"https:\/\/www.hotelhasslerroma.com\/wp-content\/uploads\/2025\/08\/fec52ec67f951787b17109931fbf07f7a69f716b.webp\" \/>\n\t<meta property=\"og:image:width\" content=\"2800\" \/>\n\t<meta property=\"og:image:height\" content=\"1869\" \/>\n\t<meta property=\"og:image:type\" content=\"image\/webp\" \/>\n<meta name=\"twitter:card\" content=\"summary_large_image\" \/>\n<script type=\"application\/ld+json\" class=\"yoast-schema-graph\">{\"@context\":\"https:\\\/\\\/schema.org\",\"@graph\":[{\"@type\":\"WebPage\",\"@id\":\"https:\\\/\\\/www.hotelhasslerroma.com\\\/it\\\/toscana-e-umbria\\\/\",\"url\":\"https:\\\/\\\/www.hotelhasslerroma.com\\\/it\\\/toscana-e-umbria\\\/\",\"name\":\"Propriet\u00e0 Famiglia Wirth in Toscana & Umbria | Hotel Hassler Roma\",\"isPartOf\":{\"@id\":\"https:\\\/\\\/www.hotelhasslerroma.com\\\/it\\\/#website\"},\"datePublished\":\"2025-08-07T16:28:02+00:00\",\"dateModified\":\"2025-11-20T16:35:42+00:00\",\"description\":\"Scopri le propriet\u00e0 della Famiglia Wirth: resort, ville e boutique hotel di lusso in Toscana e Umbria, tra natura, charme ed eccellenza nell\u2019ospitalit\u00e0.\",\"breadcrumb\":{\"@id\":\"https:\\\/\\\/www.hotelhasslerroma.com\\\/it\\\/toscana-e-umbria\\\/#breadcrumb\"},\"inLanguage\":\"it-IT\",\"potentialAction\":[{\"@type\":\"ReadAction\",\"target\":[\"https:\\\/\\\/www.hotelhasslerroma.com\\\/it\\\/toscana-e-umbria\\\/\"]}]},{\"@type\":\"BreadcrumbList\",\"@id\":\"https:\\\/\\\/www.hotelhasslerroma.com\\\/it\\\/toscana-e-umbria\\\/#breadcrumb\",\"itemListElement\":[{\"@type\":\"ListItem\",\"position\":1,\"name\":\"Home\",\"item\":\"https:\\\/\\\/www.hotelhasslerroma.com\\\/it\\\/\"},{\"@type\":\"ListItem\",\"position\":2,\"name\":\"Toscana e Umbria\"}]},{\"@type\":\"WebSite\",\"@id\":\"https:\\\/\\\/www.hotelhasslerroma.com\\\/it\\\/#website\",\"url\":\"https:\\\/\\\/www.hotelhasslerroma.com\\\/it\\\/\",\"name\":\"Hotel Hassler Roma\",\"description\":\"\",\"potentialAction\":[{\"@type\":\"SearchAction\",\"target\":{\"@type\":\"EntryPoint\",\"urlTemplate\":\"https:\\\/\\\/www.hotelhasslerroma.com\\\/it\\\/?s={search_term_string}\"},\"query-input\":{\"@type\":\"PropertyValueSpecification\",\"valueRequired\":true,\"valueName\":\"search_term_string\"}}],\"inLanguage\":\"it-IT\"}]}<\/script>\n<!-- \/ Yoast SEO plugin. -->","yoast_head_json":{"title":"Propriet\u00e0 Famiglia Wirth in Toscana & Umbria | Hotel Hassler Roma","description":"Scopri le propriet\u00e0 della Famiglia Wirth: resort, ville e boutique hotel di lusso in Toscana e Umbria, tra natura, charme ed eccellenza nell\u2019ospitalit\u00e0.","robots":{"index":"index","follow":"follow","max-snippet":"max-snippet:-1","max-image-preview":"max-image-preview:large","max-video-preview":"max-video-preview:-1"},"canonical":"https:\/\/www.hotelhasslerroma.com\/it\/toscana-e-umbria\/","og_locale":"it_IT","og_type":"article","og_title":"Propriet\u00e0 Famiglia Wirth in Toscana & Umbria | Hotel Hassler Roma","og_description":"Scopri le propriet\u00e0 della Famiglia Wirth: resort, ville e boutique hotel di lusso in Toscana e Umbria, tra natura, charme ed eccellenza nell\u2019ospitalit\u00e0.","og_url":"https:\/\/www.hotelhasslerroma.com\/it\/toscana-e-umbria\/","og_site_name":"Hassler","article_publisher":"https:\/\/www.facebook.com\/hotelhasslerroma","article_modified_time":"2025-11-20T16:35:42+00:00","og_image":[{"width":2800,"height":1869,"url":"https:\/\/www.hotelhasslerroma.com\/wp-content\/uploads\/2025\/08\/fec52ec67f951787b17109931fbf07f7a69f716b.webp","type":"image\/webp"}],"twitter_card":"summary_large_image","schema":{"@context":"https:\/\/schema.org","@graph":[{"@type":"WebPage","@id":"https:\/\/www.hotelhasslerroma.com\/it\/toscana-e-umbria\/","url":"https:\/\/www.hotelhasslerroma.com\/it\/toscana-e-umbria\/","name":"Propriet\u00e0 Famiglia Wirth in Toscana & Umbria | Hotel Hassler Roma","isPartOf":{"@id":"https:\/\/www.hotelhasslerroma.com\/it\/#website"},"datePublished":"2025-08-07T16:28:02+00:00","dateModified":"2025-11-20T16:35:42+00:00","description":"Scopri le propriet\u00e0 della Famiglia Wirth: resort, ville e boutique hotel di lusso in Toscana e Umbria, tra natura, charme ed eccellenza nell\u2019ospitalit\u00e0.","breadcrumb":{"@id":"https:\/\/www.hotelhasslerroma.com\/it\/toscana-e-umbria\/#breadcrumb"},"inLanguage":"it-IT","potentialAction":[{"@type":"ReadAction","target":["https:\/\/www.hotelhasslerroma.com\/it\/toscana-e-umbria\/"]}]},{"@type":"BreadcrumbList","@id":"https:\/\/www.hotelhasslerroma.com\/it\/toscana-e-umbria\/#breadcrumb","itemListElement":[{"@type":"ListItem","position":1,"name":"Home","item":"https:\/\/www.hotelhasslerroma.com\/it\/"},{"@type":"ListItem","position":2,"name":"Toscana e Umbria"}]},{"@type":"WebSite","@id":"https:\/\/www.hotelhasslerroma.com\/it\/#website","url":"https:\/\/www.hotelhasslerroma.com\/it\/","name":"Hotel Hassler Roma","description":"","potentialAction":[{"@type":"SearchAction","target":{"@type":"EntryPoint","urlTemplate":"https:\/\/www.hotelhasslerroma.com\/it\/?s={search_term_string}"},"query-input":{"@type":"PropertyValueSpecification","valueRequired":true,"valueName":"search_term_string"}}],"inLanguage":"it-IT"}]}},"_links":{"self":[{"href":"https:\/\/www.hotelhasslerroma.com\/it\/wp-json\/wp\/v2\/pages\/9555","targetHints":{"allow":["GET"]}}],"collection":[{"href":"https:\/\/www.hotelhasslerroma.com\/it\/wp-json\/wp\/v2\/pages"}],"about":[{"href":"https:\/\/www.hotelhasslerroma.com\/it\/wp-json\/wp\/v2\/types\/page"}],"author":[{"embeddable":true,"href":"https:\/\/www.hotelhasslerroma.com\/it\/wp-json\/wp\/v2\/users\/1"}],"replies":[{"embeddable":true,"href":"https:\/\/www.hotelhasslerroma.com\/it\/wp-json\/wp\/v2\/comments?post=9555"}],"version-history":[{"count":5,"href":"https:\/\/www.hotelhasslerroma.com\/it\/wp-json\/wp\/v2\/pages\/9555\/revisions"}],"predecessor-version":[{"id":9875,"href":"https:\/\/www.hotelhasslerroma.com\/it\/wp-json\/wp\/v2\/pages\/9555\/revisions\/9875"}],"wp:attachment":[{"href":"https:\/\/www.hotelhasslerroma.com\/it\/wp-json\/wp\/v2\/media?parent=9555"}],"curies":[{"name":"wp","href":"https:\/\/api.w.org\/{rel}","templated":true}]}}