{"id":9523,"date":"2025-09-08T15:13:36","date_gmt":"2025-09-08T15:13:36","guid":{"rendered":"https:\/\/www.hotelhasslerroma.com\/servizi-di-consulenza\/"},"modified":"2025-12-09T13:52:17","modified_gmt":"2025-12-09T13:52:17","slug":"servizi-di-consulenza","status":"publish","type":"page","link":"https:\/\/www.hotelhasslerroma.com\/it\/servizi-di-consulenza\/","title":{"rendered":"Concierge Service"},"content":{"rendered":"\n<section class=\"block block-hero-half dark-section\"  aria-labelledby=\"servizi-di-concierge\" data-text-align=\"start\" data-height=\"fullscreen\">\n    <div class=\"layers\">\n        <div class=\"layer layer-bg\">\n            <div class=\"img-wrapper img-wrapper-ratio\">\n                                    <img decoding=\"async\" width=\"1960\" height=\"2941\" src=\"https:\/\/www.hotelhasslerroma.com\/wp-content\/uploads\/2025\/11\/851-ATAAA018-2.jpg\" class=\"attachment-full size-full\" alt=\"\" loading=\"lazy\" data-speed=\"auto\" style=\"object-position: center;\" srcset=\"https:\/\/www.hotelhasslerroma.com\/wp-content\/uploads\/2025\/11\/851-ATAAA018-2.jpg 1960w, https:\/\/www.hotelhasslerroma.com\/wp-content\/uploads\/2025\/11\/851-ATAAA018-2-200x300.jpg 200w, https:\/\/www.hotelhasslerroma.com\/wp-content\/uploads\/2025\/11\/851-ATAAA018-2-682x1024.jpg 682w, https:\/\/www.hotelhasslerroma.com\/wp-content\/uploads\/2025\/11\/851-ATAAA018-2-768x1152.jpg 768w, https:\/\/www.hotelhasslerroma.com\/wp-content\/uploads\/2025\/11\/851-ATAAA018-2-1024x1536.jpg 1024w, https:\/\/www.hotelhasslerroma.com\/wp-content\/uploads\/2025\/11\/851-ATAAA018-2-1365x2048.jpg 1365w\" sizes=\"auto, (max-width: 1960px) 100vw, 1960px\" \/>                                            <\/div>\n        <\/div>\n        <div class=\"layer layer-fg\">\n            <div class=\"container container-14\">\n                <div class=\"text\">\n                    <hgroup>\n                        <div class=\"title fs-title-1 ff-serif\">\n                            <h1 id=\"servizi-di-concierge\">\n                                Servizi di <em>Concierge<\/em>\n                            <\/h1>\n                        <\/div>\n                                                    <div class=\"section-title fs-label\">\n                                <p>sull&#8217;hotel<\/p>\n                            <\/div>\n                                            <\/hgroup>\n                <\/div>\n                            <\/div>\n        <\/div>\n    <\/div>\n<\/section>\n\n\n\n<section class=\"block block-split-text\"  aria-labelledby=\"concierge\">\n    <div class=\"container default\">\n        <div class=\"text\">\n                            <div class=\"section-title fs-label section-title-decorated\">\n                    <h2>concierge<\/h2>\n                <\/div>\n                                        <div class=\"title fs-title-3 ff-serif\">\n                    <p>Il nostro servizio Concierge attivo 24 ore su 24 all\u2019<em>Hassler Roma<\/em> \u00e8 pensato per anticipare e soddisfare con la massima cura ogni esigenza dei nostri ospiti. Orgogliosi membri delle <em>Les Clefs d\u2019Or<\/em>, il nostro team Concierge offre un\u2019expertise impareggiabile, garantendo <em>un\u2019assistenza impeccabile<\/em> per tutta la durata del soggiorno.<\/p>\n                <\/div>\n                                        <div class=\"description-wrapper\">\n                                            <div class=\"description rich-text fs-body\">\n                            <p data-start=\"37\" data-end=\"452\">I servizi includono trasferimenti in auto privata, attivit\u00e0 dedicate ai pi\u00f9 piccoli, organizzazione di esperienze su misura e suggerimenti personalizzati per itinerari unici.<br data-start=\"213\" data-end=\"216\" \/>Il nostro team Concierge, attento e discreto, \u00e8 sempre a disposizione per prenotare biglietti, coordinare trasferimenti aeroportuali e offrire un\u2019assistenza impeccabile in ogni fase del viaggio, garantendo un soggiorno senza pensieri.<\/p>\n<p data-start=\"454\" data-end=\"527\" data-is-last-node=\"\" data-is-only-node=\"\">Concierge<br data-start=\"467\" data-end=\"470\" \/>Email: <a class=\"decorated-link cursor-pointer\" rel=\"noopener\" data-start=\"477\" data-end=\"502\" data-is-only-node=\"\">Concierge@hotelhassler.it<\/a><br data-start=\"502\" data-end=\"505\" \/>Tel: +39 06 699 34 402<\/p>\n                        <\/div>\n                                                                            <\/div>\n                    <\/div>\n    <\/div>\n<\/section>\n\n\n<section class=\"block block-accordions\"  data-layout=\"right\">\n    <div class=\"container\">\n        <div class=\"accordions\">\n                            <input type=\"checkbox\" name=\"accordions-block\" id=\"accordion-69ef8d43f4029\" class=\"sr-only\">\n                <div class=\"accordion\">\n                    <label class=\"accordion-head\" for=\"accordion-69ef8d43f4029\">\n                        <hgroup>\n                            <h3 class=\"title ff-sans fs-body-large-semibold\">Auto di cortesia gratuita<\/h3>\n                                                    <\/hgroup>\n                        <svg width=\"10\" height=\"10\" viewBox=\"0 0 10 10\" fill=\"none\" xmlns=\"http:\/\/www.w3.org\/2000\/svg\">\n                            <path d=\"M5 10.0001L5 6.10352e-05\" stroke=\"black\" stroke-width=\"1.5\" \/>\n                            <path d=\"M10 5.00818L0 5.00818\" stroke=\"black\" stroke-width=\"1.5\" \/>\n                        <\/svg>\n                    <\/label>\n                    <div class=\"accordion-body\">\n                        <div>\n                                                            <div class=\"content\">\n                                                                            <div class=\"group\">\n                                                                                                                                        <div class=\"description fs-body rich-text\">\n                                                    <p>L\u2019hotel Hassler mette a disposizione dei suoi clienti un\u2019auto di cortesia completamente elettrica e con autista, senza alcun costo supplementare, per accompagnarli nelle vie dello Shopping del centro storico o semplicemente per raggiungere Piazza di Spagna. La macchina \u00e8 disponibile dalle 10:00 alle 18:30. Per prenotare questo servizio potete contattare il nostro team Guest Relations tramite WhastApp al numero sottostante.<\/p>\n                                                <\/div>\n                                                                                                                                <\/div>\n                                    \n                                    \n\n                                        <div class=\"group contact-group\">\n                                                                                            <div class=\"title fs-label\">\n                                                    <h4>NUMERO WHATSAPP<\/h4>\n                                                <\/div>\n                                                                                        <div class=\"description fs-body-small\">\n                                                <address>\n                                                                                                                                                                <p>+39 342 150 8375.<\/p>\n                                                                                                    <\/address>\n                                            <\/div>\n                                        <\/div>\n\n                                    \n                                <\/div>\n                                                    <\/div>\n                    <\/div>\n                <\/div>\n                            <input type=\"checkbox\" name=\"accordions-block\" id=\"accordion-69ef8d43f402d\" class=\"sr-only\">\n                <div class=\"accordion\">\n                    <label class=\"accordion-head\" for=\"accordion-69ef8d43f402d\">\n                        <hgroup>\n                            <h3 class=\"title ff-sans fs-body-large-semibold\">Limousine con autista, noleggio auto e assistenza personale all&#8217;aeroporto<\/h3>\n                                                    <\/hgroup>\n                        <svg width=\"10\" height=\"10\" viewBox=\"0 0 10 10\" fill=\"none\" xmlns=\"http:\/\/www.w3.org\/2000\/svg\">\n                            <path d=\"M5 10.0001L5 6.10352e-05\" stroke=\"black\" stroke-width=\"1.5\" \/>\n                            <path d=\"M10 5.00818L0 5.00818\" stroke=\"black\" stroke-width=\"1.5\" \/>\n                        <\/svg>\n                    <\/label>\n                    <div class=\"accordion-body\">\n                        <div>\n                                                            <div class=\"content\">\n                                                                            <div class=\"group\">\n                                                                                            <div class=\"title fs-label\">\n                                                    <h4>Limousine e noleggio auto<\/h4>\n                                                <\/div>\n                                                                                                                                        <div class=\"description fs-body rich-text\">\n                                                    <p>Il Concierge dell\u2019Hassler sar\u00e0 lieto di organizzare il vostro trasferimento con autista e di assistervi con eventuali richieste di noleggio auto. Gli ospiti possono sentirsi tranquilli sapendo che le loro esigenze di trasporto saranno pianificate secondo necessit\u00e0. Il nostro team di servizio \u00e8 professionale e puntuale e far\u00e0 in modo che anche voi lo siate, raggiungendo la vostra destinazione in orario.<\/p>\n                                                <\/div>\n                                                                                                                                                    <a  href=\"?opendialog=concierge-popup\" target=\"_self\" class=\"btn btn-primary\">\n            <span class=\"btn-text\">Prenota il tuo trasferimento dall&#8217;aeroporto<\/span>\n        <\/a>\n\n    \n                                                                                    <\/div>\n                                                                            <div class=\"group\">\n                                                                                            <div class=\"title fs-label\">\n                                                    <h4>Assistenza personale in aeroporto<\/h4>\n                                                <\/div>\n                                                                                                                                        <div class=\"description fs-body rich-text\">\n                                                    <p>Per un&#8217;ulteriore assistenza con i tuoi bagagli, possiamo mettere a disposizione un assistente personale che ti aspetter\u00e0 all&#8217;interno dell&#8217;area riservata dell&#8217;aeroporto e si prender\u00e0 cura dei tuoi bagagli (o di eventuali procedure in caso di smarrimento), per poi scortare la tua auto e il tuo autista.<br \/>\nContatta il nostro Concierge per maggiori informazioni.<\/p>\n                                                <\/div>\n                                                                                                                                <\/div>\n                                    \n                                    \n                                <\/div>\n                                                    <\/div>\n                    <\/div>\n                <\/div>\n                            <input type=\"checkbox\" name=\"accordions-block\" id=\"accordion-69ef8d43f407d\" class=\"sr-only\">\n                <div class=\"accordion\">\n                    <label class=\"accordion-head\" for=\"accordion-69ef8d43f407d\">\n                        <hgroup>\n                            <h3 class=\"title ff-sans fs-body-large-semibold\">Tour turistici e itinerari suggeriti<\/h3>\n                                                    <\/hgroup>\n                        <svg width=\"10\" height=\"10\" viewBox=\"0 0 10 10\" fill=\"none\" xmlns=\"http:\/\/www.w3.org\/2000\/svg\">\n                            <path d=\"M5 10.0001L5 6.10352e-05\" stroke=\"black\" stroke-width=\"1.5\" \/>\n                            <path d=\"M10 5.00818L0 5.00818\" stroke=\"black\" stroke-width=\"1.5\" \/>\n                        <\/svg>\n                    <\/label>\n                    <div class=\"accordion-body\">\n                        <div>\n                                                            <div class=\"content\">\n                                                                            <div class=\"group\">\n                                                                                                                                        <div class=\"description fs-body rich-text\">\n                                                    <div>Il Concierge dell\u2019Hassler sar\u00e0 lieto di suggerire varie meravigliose visite guidate sia a Roma che dintorni durante il Vostro soggiorno:<\/div>\n<div><\/div>\n<div>\n<div><span style=\"text-decoration: underline;\"><strong>Musei vaticani, Basilica di San Pietro<\/strong><\/span><\/p>\n<p>I Musei Vaticani offrono al visitatore una delle pi\u00f9 vaste e ricche collezioni d&#8217;arte al mondo che annovera capolavori assoluti quali la Cappella Sistina con gli affreschi di Michelangelo, le meravigliose Stanze di Raffaello, le tele di Caravaggio ed un altrettanto vasta esposizione di statue antiche la cui fortuna \u00e8 cresciuta nei secoli grazie al mecenatismo di Papi amanti dell\u2019arte o determinati a dare risonanza al nome del proprio casato. Al termine della visita ai Musei si verr\u00e0 condotti nella splendida e suggestiva Basilica di San Pietro. Una guida sar\u00e0 lieta di illustrarvi la stratificazione storica della Basilica il cui cantiere \u00e8 stato iniziato da Papa Giulio II e portato avanti a pi\u00f9 riprese dai Papi successivi.<\/p>\n<\/div>\n<div><span style=\"text-decoration: underline;\"><b>Roma antica<\/b><\/span><\/p>\n<p>Le rovine di Roma, i luoghi della Roma imperiale, della Roma pagana e degli spettacoli dei gladiatori verrano svelati passo dopo passo da un archeologo professionista o da una guida esperta. La visita comprende l\u2019esplorazione di luoghi ricchi di storia e di fascino come il Foro romano (Foro di Cesare, Augusto, Traiano) prestando particolare attenzione alle basiliche pagane e ai templi, passando sotto l\u2019Arco di Tito e salendo successivamente sul Palatino da cui si gode una spettacolare vista panoramica sul Circo Massimo. L&#8217;itinerario prosegue con un\u2019accurata visita del Colosseo salendo su ogni livello di altezza fino a giungere a dominare dall\u2019alto l\u2019intera arena. La visita pu\u00f2 proseguire al tempio pagano per eccellenza: il Pantheon.<\/p><\/div>\n<div><\/div>\n<div><span style=\"text-decoration: underline;\"><b>Roma sotterranea<\/b><\/span><\/p>\n<p>La citt\u00e0 di superficie con i suoi meravigliosi monumenti che narrano una storia antica nasconde, nei suoi sotterranei, nel silenzio e nell\u2019oscurit\u00e0, altrettanta storia.<\/p><\/div>\n<div>Al di sotto delle strade trafficate e frenetiche si trovano antichi templi pagani, chiese paleocristiane (la Basilica di San Clemente e la stratificazione dei suoi sotteranei) case di ricchi patrizi (Case romane al Celio), catacombe cristiane (Catacombe di Priscilla e di Domitilla) ed ebraiche, ipogei e mitrei. Alcuni di questi siti sono chiusi al pubblico ma, grazie ad un permesso speciale rilasciato ad Ars Longa, visitabili con il supporto di una guida esperta. La visita offre un esempio di ogni tipologia di sotterranei esistenti a Roma, oltre a quelli menzionati sopra sar\u00e0 possibile visitare anche: la Basilica dei quattro Santi Coronati, la Chiesa di Santo Stefano Rotondo, la Chiesa di San Nicola e la Chiesa di San Silvestro.<\/div>\n<\/div>\n                                                <\/div>\n                                                                                                                                <\/div>\n                                    \n                                    \n                                <\/div>\n                                                    <\/div>\n                    <\/div>\n                <\/div>\n                            <input type=\"checkbox\" name=\"accordions-block\" id=\"accordion-69ef8d43f407f\" class=\"sr-only\">\n                <div class=\"accordion\">\n                    <label class=\"accordion-head\" for=\"accordion-69ef8d43f407f\">\n                        <hgroup>\n                            <h3 class=\"title ff-sans fs-body-large-semibold\">Attivit\u00e0 per bambini<\/h3>\n                                                    <\/hgroup>\n                        <svg width=\"10\" height=\"10\" viewBox=\"0 0 10 10\" fill=\"none\" xmlns=\"http:\/\/www.w3.org\/2000\/svg\">\n                            <path d=\"M5 10.0001L5 6.10352e-05\" stroke=\"black\" stroke-width=\"1.5\" \/>\n                            <path d=\"M10 5.00818L0 5.00818\" stroke=\"black\" stroke-width=\"1.5\" \/>\n                        <\/svg>\n                    <\/label>\n                    <div class=\"accordion-body\">\n                        <div>\n                                                            <div class=\"content\">\n                                                                            <div class=\"group\">\n                                                                                                                                        <div class=\"description fs-body rich-text\">\n                                                    <p>La storia di Roma, i luoghi della sua epopea ed i grandiosi monumenti possono essere raccontati dando pi\u00f9 rilievo agli aspetti magici, segreti o pi\u00f9 sorprendenti in grado di affascinare e catturare a lungo l\u2019attenzione dei vostri piccoli. I Musei vaticani e tutta l\u2019area della Roma antica saranno percorsi alla ricerca e scoperta delle caratteristiche pi\u00f9 divertenti con lo scopo di fare amare e ricordare la citt\u00e0 al pubblico pi\u00f9 giovane. La guida che vi accompagna, esperta nella gestione dei bambini, si impegner\u00e0 a selezionare e soffermarsi nelle sale o sui reperti maggiormente attrattivi ed utili per accrescere la cultura e l\u2019istruzione dei vostri figli (il Padiglione delle Carrozze o il Museo Egizio all\u2019interno del Vaticano) o a scegliere la visita a siti appositamente studiati per loro (il Cinema in 3D che ripropone la ricostruzione della Roma imperiale). Una godibilissima visita di Roma anche per voi genitori!<\/p>\n                                                <\/div>\n                                                                                                                                <\/div>\n                                    \n                                    \n                                <\/div>\n                                                    <\/div>\n                    <\/div>\n                <\/div>\n                    <\/div>\n    <\/div>\n<\/section>\n","protected":false},"excerpt":{"rendered":"","protected":false},"author":1,"featured_media":0,"parent":0,"menu_order":0,"comment_status":"closed","ping_status":"closed","template":"","meta":{"_acf_changed":false,"inline_featured_image":false,"footnotes":""},"class_list":["post-9523","page","type-page","status-publish","hentry"],"acf":[],"yoast_head":"<!-- This site is optimized with the Yoast SEO plugin v27.4 - https:\/\/yoast.com\/product\/yoast-seo-wordpress\/ -->\n<title>Concierge \u2013 Servizi Personalizzati 24h | Hotel Hassler Roma<\/title>\n<meta name=\"description\" content=\"Hotel Hassler Roma: servizio Concierge 24 ore su 24 per trasferimenti, esperienze su misura, itinerari esclusivi e assistenza impeccabile.\" \/>\n<meta name=\"robots\" content=\"index, follow, max-snippet:-1, max-image-preview:large, max-video-preview:-1\" \/>\n<link rel=\"canonical\" href=\"https:\/\/www.hotelhasslerroma.com\/it\/servizi-di-consulenza\/\" \/>\n<meta property=\"og:locale\" content=\"it_IT\" \/>\n<meta property=\"og:type\" content=\"article\" \/>\n<meta property=\"og:title\" content=\"Concierge \u2013 Servizi Personalizzati 24h | Hotel Hassler Roma\" \/>\n<meta property=\"og:description\" content=\"Hotel Hassler Roma: servizio Concierge 24 ore su 24 per trasferimenti, esperienze su misura, itinerari esclusivi e assistenza impeccabile.\" \/>\n<meta property=\"og:url\" content=\"https:\/\/www.hotelhasslerroma.com\/it\/servizi-di-consulenza\/\" \/>\n<meta property=\"og:site_name\" content=\"Hassler\" \/>\n<meta property=\"article:publisher\" content=\"https:\/\/www.facebook.com\/hotelhasslerroma\" \/>\n<meta property=\"article:modified_time\" content=\"2025-12-09T13:52:17+00:00\" \/>\n<meta property=\"og:image\" content=\"https:\/\/www.hotelhasslerroma.com\/wp-content\/uploads\/2025\/08\/fec52ec67f951787b17109931fbf07f7a69f716b.webp\" \/>\n\t<meta property=\"og:image:width\" content=\"2800\" \/>\n\t<meta property=\"og:image:height\" content=\"1869\" \/>\n\t<meta property=\"og:image:type\" content=\"image\/webp\" \/>\n<meta name=\"twitter:card\" content=\"summary_large_image\" \/>\n<script type=\"application\/ld+json\" class=\"yoast-schema-graph\">{\"@context\":\"https:\\\/\\\/schema.org\",\"@graph\":[{\"@type\":\"WebPage\",\"@id\":\"https:\\\/\\\/www.hotelhasslerroma.com\\\/it\\\/servizi-di-consulenza\\\/\",\"url\":\"https:\\\/\\\/www.hotelhasslerroma.com\\\/it\\\/servizi-di-consulenza\\\/\",\"name\":\"Concierge \u2013 Servizi Personalizzati 24h | Hotel Hassler Roma\",\"isPartOf\":{\"@id\":\"https:\\\/\\\/www.hotelhasslerroma.com\\\/it\\\/#website\"},\"datePublished\":\"2025-09-08T15:13:36+00:00\",\"dateModified\":\"2025-12-09T13:52:17+00:00\",\"description\":\"Hotel Hassler Roma: servizio Concierge 24 ore su 24 per trasferimenti, esperienze su misura, itinerari esclusivi e assistenza impeccabile.\",\"breadcrumb\":{\"@id\":\"https:\\\/\\\/www.hotelhasslerroma.com\\\/it\\\/servizi-di-consulenza\\\/#breadcrumb\"},\"inLanguage\":\"it-IT\",\"potentialAction\":[{\"@type\":\"ReadAction\",\"target\":[\"https:\\\/\\\/www.hotelhasslerroma.com\\\/it\\\/servizi-di-consulenza\\\/\"]}]},{\"@type\":\"BreadcrumbList\",\"@id\":\"https:\\\/\\\/www.hotelhasslerroma.com\\\/it\\\/servizi-di-consulenza\\\/#breadcrumb\",\"itemListElement\":[{\"@type\":\"ListItem\",\"position\":1,\"name\":\"Home\",\"item\":\"https:\\\/\\\/www.hotelhasslerroma.com\\\/it\\\/\"},{\"@type\":\"ListItem\",\"position\":2,\"name\":\"Concierge Service\"}]},{\"@type\":\"WebSite\",\"@id\":\"https:\\\/\\\/www.hotelhasslerroma.com\\\/it\\\/#website\",\"url\":\"https:\\\/\\\/www.hotelhasslerroma.com\\\/it\\\/\",\"name\":\"Hotel Hassler Roma\",\"description\":\"\",\"potentialAction\":[{\"@type\":\"SearchAction\",\"target\":{\"@type\":\"EntryPoint\",\"urlTemplate\":\"https:\\\/\\\/www.hotelhasslerroma.com\\\/it\\\/?s={search_term_string}\"},\"query-input\":{\"@type\":\"PropertyValueSpecification\",\"valueRequired\":true,\"valueName\":\"search_term_string\"}}],\"inLanguage\":\"it-IT\"}]}<\/script>\n<!-- \/ Yoast SEO plugin. -->","yoast_head_json":{"title":"Concierge \u2013 Servizi Personalizzati 24h | Hotel Hassler Roma","description":"Hotel Hassler Roma: servizio Concierge 24 ore su 24 per trasferimenti, esperienze su misura, itinerari esclusivi e assistenza impeccabile.","robots":{"index":"index","follow":"follow","max-snippet":"max-snippet:-1","max-image-preview":"max-image-preview:large","max-video-preview":"max-video-preview:-1"},"canonical":"https:\/\/www.hotelhasslerroma.com\/it\/servizi-di-consulenza\/","og_locale":"it_IT","og_type":"article","og_title":"Concierge \u2013 Servizi Personalizzati 24h | Hotel Hassler Roma","og_description":"Hotel Hassler Roma: servizio Concierge 24 ore su 24 per trasferimenti, esperienze su misura, itinerari esclusivi e assistenza impeccabile.","og_url":"https:\/\/www.hotelhasslerroma.com\/it\/servizi-di-consulenza\/","og_site_name":"Hassler","article_publisher":"https:\/\/www.facebook.com\/hotelhasslerroma","article_modified_time":"2025-12-09T13:52:17+00:00","og_image":[{"width":2800,"height":1869,"url":"https:\/\/www.hotelhasslerroma.com\/wp-content\/uploads\/2025\/08\/fec52ec67f951787b17109931fbf07f7a69f716b.webp","type":"image\/webp"}],"twitter_card":"summary_large_image","schema":{"@context":"https:\/\/schema.org","@graph":[{"@type":"WebPage","@id":"https:\/\/www.hotelhasslerroma.com\/it\/servizi-di-consulenza\/","url":"https:\/\/www.hotelhasslerroma.com\/it\/servizi-di-consulenza\/","name":"Concierge \u2013 Servizi Personalizzati 24h | Hotel Hassler Roma","isPartOf":{"@id":"https:\/\/www.hotelhasslerroma.com\/it\/#website"},"datePublished":"2025-09-08T15:13:36+00:00","dateModified":"2025-12-09T13:52:17+00:00","description":"Hotel Hassler Roma: servizio Concierge 24 ore su 24 per trasferimenti, esperienze su misura, itinerari esclusivi e assistenza impeccabile.","breadcrumb":{"@id":"https:\/\/www.hotelhasslerroma.com\/it\/servizi-di-consulenza\/#breadcrumb"},"inLanguage":"it-IT","potentialAction":[{"@type":"ReadAction","target":["https:\/\/www.hotelhasslerroma.com\/it\/servizi-di-consulenza\/"]}]},{"@type":"BreadcrumbList","@id":"https:\/\/www.hotelhasslerroma.com\/it\/servizi-di-consulenza\/#breadcrumb","itemListElement":[{"@type":"ListItem","position":1,"name":"Home","item":"https:\/\/www.hotelhasslerroma.com\/it\/"},{"@type":"ListItem","position":2,"name":"Concierge Service"}]},{"@type":"WebSite","@id":"https:\/\/www.hotelhasslerroma.com\/it\/#website","url":"https:\/\/www.hotelhasslerroma.com\/it\/","name":"Hotel Hassler Roma","description":"","potentialAction":[{"@type":"SearchAction","target":{"@type":"EntryPoint","urlTemplate":"https:\/\/www.hotelhasslerroma.com\/it\/?s={search_term_string}"},"query-input":{"@type":"PropertyValueSpecification","valueRequired":true,"valueName":"search_term_string"}}],"inLanguage":"it-IT"}]}},"_links":{"self":[{"href":"https:\/\/www.hotelhasslerroma.com\/it\/wp-json\/wp\/v2\/pages\/9523","targetHints":{"allow":["GET"]}}],"collection":[{"href":"https:\/\/www.hotelhasslerroma.com\/it\/wp-json\/wp\/v2\/pages"}],"about":[{"href":"https:\/\/www.hotelhasslerroma.com\/it\/wp-json\/wp\/v2\/types\/page"}],"author":[{"embeddable":true,"href":"https:\/\/www.hotelhasslerroma.com\/it\/wp-json\/wp\/v2\/users\/1"}],"replies":[{"embeddable":true,"href":"https:\/\/www.hotelhasslerroma.com\/it\/wp-json\/wp\/v2\/comments?post=9523"}],"version-history":[{"count":14,"href":"https:\/\/www.hotelhasslerroma.com\/it\/wp-json\/wp\/v2\/pages\/9523\/revisions"}],"predecessor-version":[{"id":10684,"href":"https:\/\/www.hotelhasslerroma.com\/it\/wp-json\/wp\/v2\/pages\/9523\/revisions\/10684"}],"wp:attachment":[{"href":"https:\/\/www.hotelhasslerroma.com\/it\/wp-json\/wp\/v2\/media?parent=9523"}],"curies":[{"name":"wp","href":"https:\/\/api.w.org\/{rel}","templated":true}]}}