{"id":9519,"date":"2025-08-08T09:02:22","date_gmt":"2025-08-08T09:02:22","guid":{"rendered":"https:\/\/www.hotelhasslerroma.com\/uguaglianza-di-genere\/"},"modified":"2025-11-21T10:50:24","modified_gmt":"2025-11-21T10:50:24","slug":"uguaglianza-di-genere","status":"publish","type":"page","link":"https:\/\/www.hotelhasslerroma.com\/it\/uguaglianza-di-genere\/","title":{"rendered":"Parit\u00e0 di genere"},"content":{"rendered":"\n<section class=\"block block-hero-half dark-section\"  aria-labelledby=\"politica-per-la-parita-di-genere\" data-text-align=\"start\" data-height=\"half\">\n    <div class=\"layers\">\n        <div class=\"layer layer-bg\">\n            <div class=\"img-wrapper img-wrapper-ratio\">\n                                            <\/div>\n        <\/div>\n        <div class=\"layer layer-fg\">\n            <div class=\"container container-14\">\n                <div class=\"text\">\n                    <hgroup>\n                        <div class=\"title fs-title-1 ff-serif\">\n                            <h1 id=\"politica-per-la-parita-di-genere\">\n                                <em>Politica per\u00a0<\/em><br \/>\nLA PARIT\u00e0 DI GENERE\n                            <\/h1>\n                        <\/div>\n                                                    <div class=\"section-title fs-label\">\n                                <p>SULL&#8217;HOTEL<\/p>\n                            <\/div>\n                                            <\/hgroup>\n                <\/div>\n                            <\/div>\n        <\/div>\n    <\/div>\n<\/section>\n\n\n<section class=\"block block-text\">\n    <div class=\"container container-14\">\n                    <div class=\"description fs-body rich-text\">\n                <p class=\"whitespace-normal break-words\">La politica dell&#8217;Hassler Roma S.p.A. \u00e8 di creare un ambiente di lavoro che sia sano, equilibrato e produttivo e dove sia possibile per tutti poter esprimere al meglio la propria professionalit\u00e0, capacit\u00e0 e desiderio di crescita professionale.<\/p>\n<p class=\"whitespace-normal break-words\">In tale contesto l&#8217;Hassler Roma S.p.A. si inserisce affermando il rifiuto di qualsiasi forma di discriminazione, in particolare quella fondata su: genere, cittadinanza, origine etnica o sociale, caratteristiche genetiche, lingua, opinioni religiose, politiche o di qualsiasi altra natura, status economico, disabilit\u00e0, et\u00e0, orientamenti sessuali.<\/p>\n<p class=\"whitespace-normal break-words\">Garantire pari opportunit\u00e0 tra uomini e donne risulta, per l&#8217;Hassler Roma S.p.A., uno dei principali elementi chiave per l&#8217;implementazione del principio di uguaglianza nell&#8217;ottica di rendere effettiva e prassi normale tale garanzia.<\/p>\n<p class=\"whitespace-normal break-words\">L&#8217;intervento dell&#8217;Hassler Roma S.p.A. riguarder\u00e0 la riduzione dei pregiudizi che possono incidere negativamente sull&#8217;affermarsi del ruolo delle donne nel lavoro, dando accesso alle stesse opportunit\u00e0 professionali. Questo significa anche garantire la valorizzazione professionale delle donne riducendo eventuali ostacoli presenti o futuri al loro ingresso a posizioni di responsabilit\u00e0 ad ogni livello.<\/p>\n<p class=\"whitespace-normal break-words\">L&#8217;Hassler Roma S.p.A. \u00e8 e sar\u00e0 il luogo dove i modelli di relazione e di lavoro trovano e troveranno sempre, tanto sul piano pratico, linguistico che delle buone prassi, il riferimento necessario e ineludibile nei valori dell&#8217;eguaglianza, della non-discriminazione e del dialogo. Pertanto, i valori enunciati dalla Costituzione Italiana, dalle normative europee e nazionali non saranno confinati nei documenti istituzionali, ma diventeranno pratiche di vita, momenti di riflessione, azioni di tutela e promozione di tutte le parit\u00e0, nonch\u00e9 spazi dedicati alla formazione.<\/p>\n<p class=\"whitespace-normal break-words\">L&#8217;Hassler Roma S.p.A. adotta una politica di parit\u00e0 di genere che ha come proposito la valorizzazione e tutela delle diversit\u00e0 e delle pari opportunit\u00e0 sui luoghi di lavoro. A tal fine viene impostato un sistema gestionale che nel tempo sia in grado di garantire il mantenimento dei requisiti richiesti dalla normativa e attuati attraverso appositi KPI in grado di mantenere e verificare le azioni pianificate.<\/p>\n<p class=\"whitespace-normal break-words\">Le politiche dell&#8217;Hassler Roma S.p.A. sulla gestione del personale, delle carriere e della comunicazione sono improntate sulla volont\u00e0 di perseguire la parit\u00e0 di genere, la valorizzazione delle diversit\u00e0 e il supporto nei processi di crescita del potenziale femminile. Hassler Roma attiva politiche in grado di garantire la partecipazione equa e l&#8217;empowerment femminile. A tal fine i KPI che verranno utilizzati saranno quelli previsti dal punto 5 dell&#8217;UNI\/Pdr.<\/p>\n<p class=\"whitespace-normal break-words\">In particolare la politica di parit\u00e0 di genere sar\u00e0:<\/p>\n<ol class=\"[&amp;:not(:last-child)_ul]:pb-1 [&amp;:not(:last-child)_ol]:pb-1 list-decimal space-y-2.5 pl-7\">\n<li class=\"whitespace-normal break-words\">Dalla Direzione Generale, in coordinamento con il Comitato Guida;<\/li>\n<li class=\"whitespace-normal break-words\">Comunicata e diffusa a livello aziendale interno e alle parti interessate;<\/li>\n<li class=\"whitespace-normal break-words\">Oggetto di formazione e sensibilizzazione del Management aziendale;<\/li>\n<li class=\"whitespace-normal break-words\">Revisionata o confermata periodicamente, almeno ogni 8 mesi, in relazione a: cambiamenti, accadimenti, verifiche e risultati dei monitoraggi;<\/li>\n<li class=\"whitespace-normal break-words\">Coordinata dal Responsabile Risorse Umane, in possesso di adeguate competenze organizzative e di genere.<\/li>\n<\/ol>\n<p class=\"whitespace-normal break-words\">Il Comitato Guida \u00e8 stato designato per rendere efficace l&#8217;adozione e la continua applicazione della politica di parit\u00e0 di genere sia a livello generale che in situazioni correlate. Ne fanno parte: Veruschka B. Wirth, Amministratrice Delegata, Roberto B. Wirth, Presidente Esecutivo, Tiziana Iacobelli, Responsabile del Personale.<\/p>\n<p class=\"whitespace-normal break-words\">L&#8217;Hassler Roma S.p.A. attua inoltre politiche che garantiscono che i generi siano equamente rappresentati tra i relatori del panel di tavole rotonde, eventi, convegni o altro tipo di incontri e riunioni.<\/p>\n            <\/div>\n                            <div class=\"cta\">\n                            <a  href=\"https:\/\/www.hotelhasslerroma.com\/wp-content\/uploads\/2025\/11\/CERTIFICATO-PARITA-DI-GENERE-SCADENZA-DIC.-2026-REVISIONATO-GEN-2024.pdf\" target=\"_blank\" class=\"btn btn-arrow\">\n            <span class=\"btn-text fs-label\">scarica certificato<\/span>\n            <span class=\"btn-icon\">\n                <svg width=\"21\" height=\"7\" viewBox=\"0 0 21 7\" fill=\"none\" xmlns=\"http:\/\/www.w3.org\/2000\/svg\">\n                    <g clip-path=\"url(#clip0_4291_4090)\">\n                        <path d=\"M17.6667 6.41602C17.6667 6.10685 17.9721 5.64518 18.2812 5.25768C18.6787 4.75768 19.1538 4.32143 19.6983 3.98852C20.1067 3.73893 20.6017 3.49935 21 3.49935M21 3.49935C20.6017 3.49935 20.1063 3.25977 19.6983 3.01018C19.1538 2.67685 18.6787 2.2406 18.2812 1.74143C17.9721 1.35352 17.6667 0.891015 17.6667 0.582682M21 3.49935L13 3.5L0 3.5\" stroke=\"currentColor\" \/>\n                    <\/g>\n                    <defs>\n                        <clipPath id=\"clip0_4291_4090\">\n                            <rect width=\"7\" height=\"21\" fill=\"white\" transform=\"matrix(0 -1 1 0 0 7)\" \/>\n                        <\/clipPath>\n                    <\/defs>\n                <\/svg>\n            <\/span>\n        <\/a>\n    \n            <\/div>\n            <\/div>\n<\/section>\n\n\n<section class=\"block block-links\">\n    <div class=\"container\">\n                    <h2 class=\"section-title section-title-decorated fs-label\">\n                info aggiuntive            <\/h2>\n                <div class=\"content\">\n                            <div class=\"title fs-title-3 ff-serif\">\n                    <p>Link <em>utili a<\/em><\/p>\n                <\/div>\n                        <div class=\"links\">\n                <nav>\n                    <ul>\n                                                    <li>\n                                            <a  href=\"https:\/\/www.hotelhasslerroma.com\/it\/csr\/\" target=\"_self\" class=\"btn btn-arrow\">\n            <span class=\"btn-text fs-label\">Responsabilit\u00e0 sociale d&#8217;impresa<\/span>\n            <span class=\"btn-icon\">\n                <svg width=\"21\" height=\"7\" viewBox=\"0 0 21 7\" fill=\"none\" xmlns=\"http:\/\/www.w3.org\/2000\/svg\">\n                    <g clip-path=\"url(#clip0_4291_4090)\">\n                        <path d=\"M17.6667 6.41602C17.6667 6.10685 17.9721 5.64518 18.2812 5.25768C18.6787 4.75768 19.1538 4.32143 19.6983 3.98852C20.1067 3.73893 20.6017 3.49935 21 3.49935M21 3.49935C20.6017 3.49935 20.1063 3.25977 19.6983 3.01018C19.1538 2.67685 18.6787 2.2406 18.2812 1.74143C17.9721 1.35352 17.6667 0.891015 17.6667 0.582682M21 3.49935L13 3.5L0 3.5\" stroke=\"currentColor\" \/>\n                    <\/g>\n                    <defs>\n                        <clipPath id=\"clip0_4291_4090\">\n                            <rect width=\"7\" height=\"21\" fill=\"white\" transform=\"matrix(0 -1 1 0 0 7)\" \/>\n                        <\/clipPath>\n                    <\/defs>\n                <\/svg>\n            <\/span>\n        <\/a>\n    \n                            <\/li>\n                                                    <li>\n                                            <a  href=\"https:\/\/www.hotelhasslerroma.com\/it\/whistleblowing\/\" target=\"_self\" class=\"btn btn-arrow\">\n            <span class=\"btn-text fs-label\">whistleblowing<\/span>\n            <span class=\"btn-icon\">\n                <svg width=\"21\" height=\"7\" viewBox=\"0 0 21 7\" fill=\"none\" xmlns=\"http:\/\/www.w3.org\/2000\/svg\">\n                    <g clip-path=\"url(#clip0_4291_4090)\">\n                        <path d=\"M17.6667 6.41602C17.6667 6.10685 17.9721 5.64518 18.2812 5.25768C18.6787 4.75768 19.1538 4.32143 19.6983 3.98852C20.1067 3.73893 20.6017 3.49935 21 3.49935M21 3.49935C20.6017 3.49935 20.1063 3.25977 19.6983 3.01018C19.1538 2.67685 18.6787 2.2406 18.2812 1.74143C17.9721 1.35352 17.6667 0.891015 17.6667 0.582682M21 3.49935L13 3.5L0 3.5\" stroke=\"currentColor\" \/>\n                    <\/g>\n                    <defs>\n                        <clipPath id=\"clip0_4291_4090\">\n                            <rect width=\"7\" height=\"21\" fill=\"white\" transform=\"matrix(0 -1 1 0 0 7)\" \/>\n                        <\/clipPath>\n                    <\/defs>\n                <\/svg>\n            <\/span>\n        <\/a>\n    \n                            <\/li>\n                                                    <li>\n                                            <a  href=\"https:\/\/www.hotelhasslerroma.com\/it\/gender-equality\/\" target=\"_self\" class=\"btn btn-arrow\">\n            <span class=\"btn-text fs-label\">Uguaglianza di genere<\/span>\n            <span class=\"btn-icon\">\n                <svg width=\"21\" height=\"7\" viewBox=\"0 0 21 7\" fill=\"none\" xmlns=\"http:\/\/www.w3.org\/2000\/svg\">\n                    <g clip-path=\"url(#clip0_4291_4090)\">\n                        <path d=\"M17.6667 6.41602C17.6667 6.10685 17.9721 5.64518 18.2812 5.25768C18.6787 4.75768 19.1538 4.32143 19.6983 3.98852C20.1067 3.73893 20.6017 3.49935 21 3.49935M21 3.49935C20.6017 3.49935 20.1063 3.25977 19.6983 3.01018C19.1538 2.67685 18.6787 2.2406 18.2812 1.74143C17.9721 1.35352 17.6667 0.891015 17.6667 0.582682M21 3.49935L13 3.5L0 3.5\" stroke=\"currentColor\" \/>\n                    <\/g>\n                    <defs>\n                        <clipPath id=\"clip0_4291_4090\">\n                            <rect width=\"7\" height=\"21\" fill=\"white\" transform=\"matrix(0 -1 1 0 0 7)\" \/>\n                        <\/clipPath>\n                    <\/defs>\n                <\/svg>\n            <\/span>\n        <\/a>\n    \n                            <\/li>\n                                                    <li>\n                                            <a  href=\"https:\/\/www.hotelhasslerroma.com\/it\/careers\/\" target=\"_self\" class=\"btn btn-arrow\">\n            <span class=\"btn-text fs-label\">carriere<\/span>\n            <span class=\"btn-icon\">\n                <svg width=\"21\" height=\"7\" viewBox=\"0 0 21 7\" fill=\"none\" xmlns=\"http:\/\/www.w3.org\/2000\/svg\">\n                    <g clip-path=\"url(#clip0_4291_4090)\">\n                        <path d=\"M17.6667 6.41602C17.6667 6.10685 17.9721 5.64518 18.2812 5.25768C18.6787 4.75768 19.1538 4.32143 19.6983 3.98852C20.1067 3.73893 20.6017 3.49935 21 3.49935M21 3.49935C20.6017 3.49935 20.1063 3.25977 19.6983 3.01018C19.1538 2.67685 18.6787 2.2406 18.2812 1.74143C17.9721 1.35352 17.6667 0.891015 17.6667 0.582682M21 3.49935L13 3.5L0 3.5\" stroke=\"currentColor\" \/>\n                    <\/g>\n                    <defs>\n                        <clipPath id=\"clip0_4291_4090\">\n                            <rect width=\"7\" height=\"21\" fill=\"white\" transform=\"matrix(0 -1 1 0 0 7)\" \/>\n                        <\/clipPath>\n                    <\/defs>\n                <\/svg>\n            <\/span>\n        <\/a>\n    \n                            <\/li>\n                                            <\/ul>\n                <\/nav>\n            <\/div>\n\n        <\/div>\n    <\/div>\n<\/section>\n","protected":false},"excerpt":{"rendered":"","protected":false},"author":1,"featured_media":9124,"parent":0,"menu_order":0,"comment_status":"closed","ping_status":"closed","template":"","meta":{"_acf_changed":false,"inline_featured_image":false,"footnotes":""},"class_list":["post-9519","page","type-page","status-publish","has-post-thumbnail","hentry"],"acf":[],"yoast_head":"<!-- This site is optimized with the Yoast SEO plugin v27.4 - https:\/\/yoast.com\/product\/yoast-seo-wordpress\/ -->\n<title>Parit\u00e0 di Genere \u2013 Politica e Impegno Etico | Hotel Hassler Roma<\/title>\n<meta name=\"description\" content=\"Hotel Hassler Roma promuove una politica di parit\u00e0 di genere basata su inclusione, non discriminazione e pari opportunit\u00e0 professionali.\" \/>\n<meta name=\"robots\" content=\"index, follow, max-snippet:-1, max-image-preview:large, max-video-preview:-1\" \/>\n<link rel=\"canonical\" href=\"https:\/\/www.hotelhasslerroma.com\/it\/uguaglianza-di-genere\/\" \/>\n<meta property=\"og:locale\" content=\"it_IT\" \/>\n<meta property=\"og:type\" content=\"article\" \/>\n<meta property=\"og:title\" content=\"Parit\u00e0 di Genere \u2013 Politica e Impegno Etico | Hotel Hassler Roma\" \/>\n<meta property=\"og:description\" content=\"Hotel Hassler Roma promuove una politica di parit\u00e0 di genere basata su inclusione, non discriminazione e pari opportunit\u00e0 professionali.\" \/>\n<meta property=\"og:url\" content=\"https:\/\/www.hotelhasslerroma.com\/it\/uguaglianza-di-genere\/\" \/>\n<meta property=\"og:site_name\" content=\"Hassler\" \/>\n<meta property=\"article:publisher\" content=\"https:\/\/www.facebook.com\/hotelhasslerroma\" \/>\n<meta property=\"article:modified_time\" content=\"2025-11-21T10:50:24+00:00\" \/>\n<meta property=\"og:image\" content=\"https:\/\/www.hotelhasslerroma.com\/wp-content\/uploads\/2025\/09\/green.jpg\" \/>\n\t<meta property=\"og:image:width\" content=\"3654\" \/>\n\t<meta property=\"og:image:height\" content=\"5052\" \/>\n\t<meta property=\"og:image:type\" content=\"image\/jpeg\" \/>\n<meta name=\"twitter:card\" content=\"summary_large_image\" \/>\n<meta name=\"twitter:label1\" content=\"Tempo di lettura stimato\" \/>\n\t<meta name=\"twitter:data1\" content=\"1 minuto\" \/>\n<script type=\"application\/ld+json\" class=\"yoast-schema-graph\">{\"@context\":\"https:\\\/\\\/schema.org\",\"@graph\":[{\"@type\":\"WebPage\",\"@id\":\"https:\\\/\\\/www.hotelhasslerroma.com\\\/it\\\/uguaglianza-di-genere\\\/\",\"url\":\"https:\\\/\\\/www.hotelhasslerroma.com\\\/it\\\/uguaglianza-di-genere\\\/\",\"name\":\"Parit\u00e0 di Genere \u2013 Politica e Impegno Etico | Hotel Hassler Roma\",\"isPartOf\":{\"@id\":\"https:\\\/\\\/www.hotelhasslerroma.com\\\/it\\\/#website\"},\"primaryImageOfPage\":{\"@id\":\"https:\\\/\\\/www.hotelhasslerroma.com\\\/it\\\/uguaglianza-di-genere\\\/#primaryimage\"},\"image\":{\"@id\":\"https:\\\/\\\/www.hotelhasslerroma.com\\\/it\\\/uguaglianza-di-genere\\\/#primaryimage\"},\"thumbnailUrl\":\"https:\\\/\\\/www.hotelhasslerroma.com\\\/wp-content\\\/uploads\\\/2025\\\/09\\\/green.jpg\",\"datePublished\":\"2025-08-08T09:02:22+00:00\",\"dateModified\":\"2025-11-21T10:50:24+00:00\",\"description\":\"Hotel Hassler Roma promuove una politica di parit\u00e0 di genere basata su inclusione, non discriminazione e pari opportunit\u00e0 professionali.\",\"breadcrumb\":{\"@id\":\"https:\\\/\\\/www.hotelhasslerroma.com\\\/it\\\/uguaglianza-di-genere\\\/#breadcrumb\"},\"inLanguage\":\"it-IT\",\"potentialAction\":[{\"@type\":\"ReadAction\",\"target\":[\"https:\\\/\\\/www.hotelhasslerroma.com\\\/it\\\/uguaglianza-di-genere\\\/\"]}]},{\"@type\":\"ImageObject\",\"inLanguage\":\"it-IT\",\"@id\":\"https:\\\/\\\/www.hotelhasslerroma.com\\\/it\\\/uguaglianza-di-genere\\\/#primaryimage\",\"url\":\"https:\\\/\\\/www.hotelhasslerroma.com\\\/wp-content\\\/uploads\\\/2025\\\/09\\\/green.jpg\",\"contentUrl\":\"https:\\\/\\\/www.hotelhasslerroma.com\\\/wp-content\\\/uploads\\\/2025\\\/09\\\/green.jpg\",\"width\":3654,\"height\":5052},{\"@type\":\"BreadcrumbList\",\"@id\":\"https:\\\/\\\/www.hotelhasslerroma.com\\\/it\\\/uguaglianza-di-genere\\\/#breadcrumb\",\"itemListElement\":[{\"@type\":\"ListItem\",\"position\":1,\"name\":\"Home\",\"item\":\"https:\\\/\\\/www.hotelhasslerroma.com\\\/it\\\/\"},{\"@type\":\"ListItem\",\"position\":2,\"name\":\"Parit\u00e0 di genere\"}]},{\"@type\":\"WebSite\",\"@id\":\"https:\\\/\\\/www.hotelhasslerroma.com\\\/it\\\/#website\",\"url\":\"https:\\\/\\\/www.hotelhasslerroma.com\\\/it\\\/\",\"name\":\"Hotel Hassler Roma\",\"description\":\"\",\"potentialAction\":[{\"@type\":\"SearchAction\",\"target\":{\"@type\":\"EntryPoint\",\"urlTemplate\":\"https:\\\/\\\/www.hotelhasslerroma.com\\\/it\\\/?s={search_term_string}\"},\"query-input\":{\"@type\":\"PropertyValueSpecification\",\"valueRequired\":true,\"valueName\":\"search_term_string\"}}],\"inLanguage\":\"it-IT\"}]}<\/script>\n<!-- \/ Yoast SEO plugin. -->","yoast_head_json":{"title":"Parit\u00e0 di Genere \u2013 Politica e Impegno Etico | Hotel Hassler Roma","description":"Hotel Hassler Roma promuove una politica di parit\u00e0 di genere basata su inclusione, non discriminazione e pari opportunit\u00e0 professionali.","robots":{"index":"index","follow":"follow","max-snippet":"max-snippet:-1","max-image-preview":"max-image-preview:large","max-video-preview":"max-video-preview:-1"},"canonical":"https:\/\/www.hotelhasslerroma.com\/it\/uguaglianza-di-genere\/","og_locale":"it_IT","og_type":"article","og_title":"Parit\u00e0 di Genere \u2013 Politica e Impegno Etico | Hotel Hassler Roma","og_description":"Hotel Hassler Roma promuove una politica di parit\u00e0 di genere basata su inclusione, non discriminazione e pari opportunit\u00e0 professionali.","og_url":"https:\/\/www.hotelhasslerroma.com\/it\/uguaglianza-di-genere\/","og_site_name":"Hassler","article_publisher":"https:\/\/www.facebook.com\/hotelhasslerroma","article_modified_time":"2025-11-21T10:50:24+00:00","og_image":[{"width":3654,"height":5052,"url":"https:\/\/www.hotelhasslerroma.com\/wp-content\/uploads\/2025\/09\/green.jpg","type":"image\/jpeg"}],"twitter_card":"summary_large_image","twitter_misc":{"Tempo di lettura stimato":"1 minuto"},"schema":{"@context":"https:\/\/schema.org","@graph":[{"@type":"WebPage","@id":"https:\/\/www.hotelhasslerroma.com\/it\/uguaglianza-di-genere\/","url":"https:\/\/www.hotelhasslerroma.com\/it\/uguaglianza-di-genere\/","name":"Parit\u00e0 di Genere \u2013 Politica e Impegno Etico | Hotel Hassler Roma","isPartOf":{"@id":"https:\/\/www.hotelhasslerroma.com\/it\/#website"},"primaryImageOfPage":{"@id":"https:\/\/www.hotelhasslerroma.com\/it\/uguaglianza-di-genere\/#primaryimage"},"image":{"@id":"https:\/\/www.hotelhasslerroma.com\/it\/uguaglianza-di-genere\/#primaryimage"},"thumbnailUrl":"https:\/\/www.hotelhasslerroma.com\/wp-content\/uploads\/2025\/09\/green.jpg","datePublished":"2025-08-08T09:02:22+00:00","dateModified":"2025-11-21T10:50:24+00:00","description":"Hotel Hassler Roma promuove una politica di parit\u00e0 di genere basata su inclusione, non discriminazione e pari opportunit\u00e0 professionali.","breadcrumb":{"@id":"https:\/\/www.hotelhasslerroma.com\/it\/uguaglianza-di-genere\/#breadcrumb"},"inLanguage":"it-IT","potentialAction":[{"@type":"ReadAction","target":["https:\/\/www.hotelhasslerroma.com\/it\/uguaglianza-di-genere\/"]}]},{"@type":"ImageObject","inLanguage":"it-IT","@id":"https:\/\/www.hotelhasslerroma.com\/it\/uguaglianza-di-genere\/#primaryimage","url":"https:\/\/www.hotelhasslerroma.com\/wp-content\/uploads\/2025\/09\/green.jpg","contentUrl":"https:\/\/www.hotelhasslerroma.com\/wp-content\/uploads\/2025\/09\/green.jpg","width":3654,"height":5052},{"@type":"BreadcrumbList","@id":"https:\/\/www.hotelhasslerroma.com\/it\/uguaglianza-di-genere\/#breadcrumb","itemListElement":[{"@type":"ListItem","position":1,"name":"Home","item":"https:\/\/www.hotelhasslerroma.com\/it\/"},{"@type":"ListItem","position":2,"name":"Parit\u00e0 di genere"}]},{"@type":"WebSite","@id":"https:\/\/www.hotelhasslerroma.com\/it\/#website","url":"https:\/\/www.hotelhasslerroma.com\/it\/","name":"Hotel Hassler Roma","description":"","potentialAction":[{"@type":"SearchAction","target":{"@type":"EntryPoint","urlTemplate":"https:\/\/www.hotelhasslerroma.com\/it\/?s={search_term_string}"},"query-input":{"@type":"PropertyValueSpecification","valueRequired":true,"valueName":"search_term_string"}}],"inLanguage":"it-IT"}]}},"_links":{"self":[{"href":"https:\/\/www.hotelhasslerroma.com\/it\/wp-json\/wp\/v2\/pages\/9519","targetHints":{"allow":["GET"]}}],"collection":[{"href":"https:\/\/www.hotelhasslerroma.com\/it\/wp-json\/wp\/v2\/pages"}],"about":[{"href":"https:\/\/www.hotelhasslerroma.com\/it\/wp-json\/wp\/v2\/types\/page"}],"author":[{"embeddable":true,"href":"https:\/\/www.hotelhasslerroma.com\/it\/wp-json\/wp\/v2\/users\/1"}],"replies":[{"embeddable":true,"href":"https:\/\/www.hotelhasslerroma.com\/it\/wp-json\/wp\/v2\/comments?post=9519"}],"version-history":[{"count":11,"href":"https:\/\/www.hotelhasslerroma.com\/it\/wp-json\/wp\/v2\/pages\/9519\/revisions"}],"predecessor-version":[{"id":10498,"href":"https:\/\/www.hotelhasslerroma.com\/it\/wp-json\/wp\/v2\/pages\/9519\/revisions\/10498"}],"wp:featuredmedia":[{"embeddable":true,"href":"https:\/\/www.hotelhasslerroma.com\/it\/wp-json\/wp\/v2\/media\/9124"}],"wp:attachment":[{"href":"https:\/\/www.hotelhasslerroma.com\/it\/wp-json\/wp\/v2\/media?parent=9519"}],"curies":[{"name":"wp","href":"https:\/\/api.w.org\/{rel}","templated":true}]}}