{"id":10559,"date":"2025-11-27T10:40:02","date_gmt":"2025-11-27T10:40:02","guid":{"rendered":"https:\/\/www.hotelhasslerroma.com\/?page_id=10559"},"modified":"2025-11-28T08:10:16","modified_gmt":"2025-11-28T08:10:16","slug":"a-hassler-holiday","status":"publish","type":"page","link":"https:\/\/www.hotelhasslerroma.com\/it\/a-hassler-holiday\/","title":{"rendered":"A Hassler Holiday"},"content":{"rendered":"\n<section class=\"block block-hero-half dark-section\"  aria-labelledby=\"festive-stay\" data-text-align=\"start\" data-height=\"fullscreen\">\n    <div class=\"layers\">\n        <div class=\"layer layer-bg\">\n            <div class=\"img-wrapper img-wrapper-ratio\">\n                                    <img decoding=\"async\" width=\"2500\" height=\"3125\" src=\"https:\/\/www.hotelhasslerroma.com\/wp-content\/uploads\/2025\/11\/62A2256-4x5-2.webp\" class=\"attachment-full size-full\" alt=\"\" loading=\"lazy\" data-speed=\"auto\" style=\"object-position: center;\" srcset=\"https:\/\/www.hotelhasslerroma.com\/wp-content\/uploads\/2025\/11\/62A2256-4x5-2.webp 2500w, https:\/\/www.hotelhasslerroma.com\/wp-content\/uploads\/2025\/11\/62A2256-4x5-2-240x300.webp 240w, https:\/\/www.hotelhasslerroma.com\/wp-content\/uploads\/2025\/11\/62A2256-4x5-2-819x1024.webp 819w, https:\/\/www.hotelhasslerroma.com\/wp-content\/uploads\/2025\/11\/62A2256-4x5-2-768x960.webp 768w, https:\/\/www.hotelhasslerroma.com\/wp-content\/uploads\/2025\/11\/62A2256-4x5-2-1229x1536.webp 1229w, https:\/\/www.hotelhasslerroma.com\/wp-content\/uploads\/2025\/11\/62A2256-4x5-2-1638x2048.webp 1638w\" sizes=\"auto, (max-width: 2500px) 100vw, 2500px\" \/>                                            <\/div>\n        <\/div>\n        <div class=\"layer layer-fg\">\n            <div class=\"container container-14\">\n                <div class=\"text\">\n                    <hgroup>\n                        <div class=\"title fs-title-1 ff-serif\">\n                            <h1 id=\"festive-stay\">\n                                <em>Festive<\/em> Stay\n                            <\/h1>\n                        <\/div>\n                                                    <div class=\"section-title fs-label\">\n                                <p>VACANZE INVERNALI<\/p>\n                            <\/div>\n                                            <\/hgroup>\n                <\/div>\n                            <\/div>\n        <\/div>\n    <\/div>\n<\/section>\n\n\n\n<section class=\"block block-split-text\"  aria-labelledby=\"festivita-magiche\">\n    <div class=\"container default\">\n        <div class=\"text\">\n                            <div class=\"section-title fs-label section-title-decorated\">\n                    <h2>FESTIVIT\u00e0 MAGICHE<\/h2>\n                <\/div>\n                                        <div class=\"title fs-title-3 ff-serif\">\n                    <p style=\"font-weight: 400;\">Trascorri le feste all&#8217;<em>Hassler Roma<\/em>, la tua <em>casa lontano da casa<\/em> dove vivere la magia del Natale.<\/p>\n                <\/div>\n                                        <div class=\"description-wrapper\">\n                                            <div class=\"description rich-text fs-body\">\n                            <p>Ti accogliamo in un&#8217;atmosfera calda e festosa, curata in ogni dettaglio per trasformare il tuo soggiorno in un&#8217;esperienza indimenticabile. Lasciati incantare dal fascino senza tempo di questo luogo iconico e dalla bellezza eterna della Citt\u00e0 Eterna, mentre ti regali momenti di puro piacere.<\/p>\n                        <\/div>\n                                                                            <\/div>\n                    <\/div>\n    <\/div>\n<\/section>\n\n\n\n    <section class=\"block block-split \"  data-theme=\"transparent\" data-flipped=\"true\" aria-labelledby=\"a-hassler-holiday\">\n        <div class=\"container container-14\">\n            <div class=\"text\">\n                                    <hgroup>\n                                                    <div class=\"section-title section-title-decorated fs-label\">\n                                <h2 id=\"a-hassler-holiday\">a hassler holiday<\/h2>\n                            <\/div>\n                                                                            <div class=\"title fs-title-3 ff-serif\">\n                                                                                                    <p><p>Celebra la <em>magia<\/em> delle feste nel cuore di <em>Roma<\/em><\/p>\n<\/p>\n                                                            <\/div>\n                                            <\/hgroup>\n                                                    <div class=\"description rich-text fs-body-small\">\n                        <p style=\"font-weight: 400;\">Trascorri la stagione festiva all\u2019Hassler Roma, il tuo rifugio esclusivo affacciato sulla Citt\u00e0 Eterna.<\/p>\n<p style=\"font-weight: 400;\">Celebra la magia delle feste nel cuore di Roma<\/p>\n<p style=\"font-weight: 400;\"><strong>Il\u00a0Festive Season Package\u00a0include:<\/strong><br \/>\n\u2022 Un soggiorno minimo di due notti in Camera Double Deluxe o Double Grand Deluxe<br \/>\n\u2022 Prima colazione a buffet servita nel Salone Medici o nel Salone Eva<br \/>\n\u2022 Una bottiglia di Franciacorta e dolci tradizionali delle feste in camera all\u2019arrivo<br \/>\n\u2022 Christmas Afternoon Tea nel Salone Eva durante il soggiorno<\/p>\n<p style=\"font-weight: 400;\">Siamo lieti di accogliere bambini di tutte le et\u00e0. I letti extra sono disponibili con un supplemento, mentre le culle possono essere fornite su richiesta. Per le famiglie che viaggiano con due bambini \u00e8 necessario prenotare una camera aggiuntiva.<\/p>\n                    <\/div>\n                                                    <div class=\"cta\">\n                                    <a  href=\"https:\/\/www.hotelhasslerroma.com\/it\/room\/camera-deluxe\/\" target=\"_self\" aria-labelledby=\"a-hassler-holiday\" class=\"btn btn-primary\">\n            <span class=\"btn-text\">book now<\/span>\n        <\/a>\n\n    \n                    <\/div>\n                                                    <div class=\"final-text\">\n                                                    <div class=\"title\">\n                                <h3 class=\"fs-label\">info e prenotazioni<\/h3>\n                            <\/div>\n                                                                            <div class=\"description fs-body-small\">\n                                <p>booking@hotelhassler.it<\/p>\n                            <\/div>\n                                            <\/div>\n                            <\/div>\n            <div class=\"img-wrapper img-wrapper-ratio\">\n                                    <img decoding=\"async\" width=\"2400\" height=\"3000\" src=\"https:\/\/www.hotelhasslerroma.com\/wp-content\/uploads\/2025\/11\/62A2326-Modifica-4x5-2.webp\" class=\"attachment-full size-full\" alt=\"\" loading=\"lazy\" data-speed=\"auto\" srcset=\"https:\/\/www.hotelhasslerroma.com\/wp-content\/uploads\/2025\/11\/62A2326-Modifica-4x5-2.webp\" \/>                            <\/div>\n        <\/div>\n    <\/section>\n\n\n\n    <section class=\"block block-split \"  data-theme=\"transparent\" data-flipped=\"false\" aria-labelledby=\"the-hassler-christmas-suite\">\n        <div class=\"container container-14\">\n            <div class=\"text\">\n                                    <hgroup>\n                                                    <div class=\"section-title section-title-decorated fs-label\">\n                                <h2 id=\"the-hassler-christmas-suite\">The Hassler Christmas Suite<\/h2>\n                            <\/div>\n                                                                            <div class=\"title fs-title-3 ff-serif\">\n                                                                                                    <p><p>Celebra la magia delle feste nella nostra <em>Grand Deluxe Suite Hassler<\/em><\/p>\n<\/p>\n                                                            <\/div>\n                                            <\/hgroup>\n                                                    <div class=\"description rich-text fs-body-small\">\n                        <p style=\"font-weight: 400;\">Raffinata e impreziosita da eleganti decorazioni natalizie, per un soggiorno davvero indimenticabile.<\/p>\n<p style=\"font-weight: 400;\"><strong>Il\u00a0Festive Season Package\u00a0include:<\/strong><br \/>\n\u2022 Un soggiorno minimo di due notti nella nostra Grand Deluxe Suite Hassler, arricchita da decorazioni natalizie speciali<br \/>\n\u2022 Prima colazione a buffet servita nel Salone Medici o nel Salone Eva<br \/>\n\u2022 Una bottiglia di Champagne e il tradizionale Panettone italiano in Suite all\u2019arrivo<br \/>\n\u2022 Trasferimenti di arrivo e partenza inclusi<\/p>\n<p style=\"font-weight: 400;\">Siamo lieti di accogliere bambini di tutte le et\u00e0, con servizi dedicati. La Suite pu\u00f2 ospitare un bambino, con culla disponibile su richiesta o letto extra con supplemento. Per le famiglie che viaggiano con due bambini \u00e8 necessaria una camera aggiuntiva: sar\u00e0 applicato uno sconto del 20% e offerti servizi speciali per i pi\u00f9 piccoli, con possibilit\u00e0 di camere comunicanti.<\/p>\n<p>Servizi aggiuntivi per bambini: cioccolata calda, caramelle assortite e il nostro Hassler Bunny.<\/p>\n                    <\/div>\n                                                    <div class=\"cta\">\n                                    <a  href=\"https:\/\/www.hotelhasslerroma.com\/it\/room\/grand-deluxe-suite-hassler\/\" target=\"_self\" aria-labelledby=\"the-hassler-christmas-suite\" class=\"btn btn-primary\">\n            <span class=\"btn-text\">THE SUITE<\/span>\n        <\/a>\n\n    \n                    <\/div>\n                                                    <div class=\"final-text\">\n                                                    <div class=\"title\">\n                                <h3 class=\"fs-label\">info e prenotazioni<\/h3>\n                            <\/div>\n                                                                            <div class=\"description fs-body-small\">\n                                <p>Email: booking@hotelhassler.it<br \/>\r\nTell: +39 06 699 34 755<\/p>\n                            <\/div>\n                                            <\/div>\n                            <\/div>\n            <div class=\"img-wrapper img-wrapper-ratio\">\n                                    <img decoding=\"async\" width=\"1500\" height=\"1875\" src=\"https:\/\/www.hotelhasslerroma.com\/wp-content\/uploads\/2025\/11\/62A2118-4x5-1.webp\" class=\"attachment-full size-full\" alt=\"\" loading=\"lazy\" data-speed=\"auto\" srcset=\"https:\/\/www.hotelhasslerroma.com\/wp-content\/uploads\/2025\/11\/62A2118-4x5-1.webp\" \/>                            <\/div>\n        <\/div>\n    <\/section>\n","protected":false},"excerpt":{"rendered":"","protected":false},"author":1,"featured_media":0,"parent":0,"menu_order":0,"comment_status":"closed","ping_status":"closed","template":"","meta":{"_acf_changed":false,"inline_featured_image":false,"footnotes":""},"class_list":["post-10559","page","type-page","status-publish","hentry"],"acf":[],"yoast_head":"<!-- This site is optimized with the Yoast SEO plugin v27.4 - https:\/\/yoast.com\/product\/yoast-seo-wordpress\/ -->\n<title>Christmas \u2013 Festive Experiences &amp; Dining | Hotel Hassler Roma<\/title>\n<meta name=\"description\" content=\"Hotel Hassler Roma invites you to celebrate Christmas with gourmet dining, elegant brunches and a magical festive atmosphere.\" \/>\n<meta name=\"robots\" content=\"index, follow, max-snippet:-1, max-image-preview:large, max-video-preview:-1\" \/>\n<link rel=\"canonical\" href=\"https:\/\/www.hotelhasslerroma.com\/it\/a-hassler-holiday\/\" \/>\n<meta property=\"og:locale\" content=\"it_IT\" \/>\n<meta property=\"og:type\" content=\"article\" \/>\n<meta property=\"og:title\" content=\"Christmas \u2013 Festive Experiences &amp; Dining | Hotel Hassler Roma\" \/>\n<meta property=\"og:description\" content=\"Hotel Hassler Roma invites you to celebrate Christmas with gourmet dining, elegant brunches and a magical festive atmosphere.\" \/>\n<meta property=\"og:url\" content=\"https:\/\/www.hotelhasslerroma.com\/it\/a-hassler-holiday\/\" \/>\n<meta property=\"og:site_name\" content=\"Hassler\" \/>\n<meta property=\"article:publisher\" content=\"https:\/\/www.facebook.com\/hotelhasslerroma\" \/>\n<meta property=\"article:modified_time\" content=\"2025-11-28T08:10:16+00:00\" \/>\n<meta property=\"og:image\" content=\"https:\/\/www.hotelhasslerroma.com\/wp-content\/uploads\/2025\/08\/fec52ec67f951787b17109931fbf07f7a69f716b.webp\" \/>\n\t<meta property=\"og:image:width\" content=\"2800\" \/>\n\t<meta property=\"og:image:height\" content=\"1869\" \/>\n\t<meta property=\"og:image:type\" content=\"image\/webp\" \/>\n<meta name=\"twitter:card\" content=\"summary_large_image\" \/>\n<script type=\"application\/ld+json\" class=\"yoast-schema-graph\">{\"@context\":\"https:\\\/\\\/schema.org\",\"@graph\":[{\"@type\":\"WebPage\",\"@id\":\"https:\\\/\\\/www.hotelhasslerroma.com\\\/it\\\/a-hassler-holiday\\\/\",\"url\":\"https:\\\/\\\/www.hotelhasslerroma.com\\\/it\\\/a-hassler-holiday\\\/\",\"name\":\"Christmas \u2013 Festive Experiences & Dining | Hotel Hassler Roma\",\"isPartOf\":{\"@id\":\"https:\\\/\\\/www.hotelhasslerroma.com\\\/it\\\/#website\"},\"datePublished\":\"2025-11-27T10:40:02+00:00\",\"dateModified\":\"2025-11-28T08:10:16+00:00\",\"description\":\"Hotel Hassler Roma invites you to celebrate Christmas with gourmet dining, elegant brunches and a magical festive atmosphere.\",\"breadcrumb\":{\"@id\":\"https:\\\/\\\/www.hotelhasslerroma.com\\\/it\\\/a-hassler-holiday\\\/#breadcrumb\"},\"inLanguage\":\"it-IT\",\"potentialAction\":[{\"@type\":\"ReadAction\",\"target\":[\"https:\\\/\\\/www.hotelhasslerroma.com\\\/it\\\/a-hassler-holiday\\\/\"]}]},{\"@type\":\"BreadcrumbList\",\"@id\":\"https:\\\/\\\/www.hotelhasslerroma.com\\\/it\\\/a-hassler-holiday\\\/#breadcrumb\",\"itemListElement\":[{\"@type\":\"ListItem\",\"position\":1,\"name\":\"Home\",\"item\":\"https:\\\/\\\/www.hotelhasslerroma.com\\\/it\\\/\"},{\"@type\":\"ListItem\",\"position\":2,\"name\":\"A Hassler Holiday\"}]},{\"@type\":\"WebSite\",\"@id\":\"https:\\\/\\\/www.hotelhasslerroma.com\\\/it\\\/#website\",\"url\":\"https:\\\/\\\/www.hotelhasslerroma.com\\\/it\\\/\",\"name\":\"Hotel Hassler Roma\",\"description\":\"\",\"potentialAction\":[{\"@type\":\"SearchAction\",\"target\":{\"@type\":\"EntryPoint\",\"urlTemplate\":\"https:\\\/\\\/www.hotelhasslerroma.com\\\/it\\\/?s={search_term_string}\"},\"query-input\":{\"@type\":\"PropertyValueSpecification\",\"valueRequired\":true,\"valueName\":\"search_term_string\"}}],\"inLanguage\":\"it-IT\"}]}<\/script>\n<!-- \/ Yoast SEO plugin. -->","yoast_head_json":{"title":"Christmas \u2013 Festive Experiences & Dining | Hotel Hassler Roma","description":"Hotel Hassler Roma invites you to celebrate Christmas with gourmet dining, elegant brunches and a magical festive atmosphere.","robots":{"index":"index","follow":"follow","max-snippet":"max-snippet:-1","max-image-preview":"max-image-preview:large","max-video-preview":"max-video-preview:-1"},"canonical":"https:\/\/www.hotelhasslerroma.com\/it\/a-hassler-holiday\/","og_locale":"it_IT","og_type":"article","og_title":"Christmas \u2013 Festive Experiences & Dining | Hotel Hassler Roma","og_description":"Hotel Hassler Roma invites you to celebrate Christmas with gourmet dining, elegant brunches and a magical festive atmosphere.","og_url":"https:\/\/www.hotelhasslerroma.com\/it\/a-hassler-holiday\/","og_site_name":"Hassler","article_publisher":"https:\/\/www.facebook.com\/hotelhasslerroma","article_modified_time":"2025-11-28T08:10:16+00:00","og_image":[{"width":2800,"height":1869,"url":"https:\/\/www.hotelhasslerroma.com\/wp-content\/uploads\/2025\/08\/fec52ec67f951787b17109931fbf07f7a69f716b.webp","type":"image\/webp"}],"twitter_card":"summary_large_image","schema":{"@context":"https:\/\/schema.org","@graph":[{"@type":"WebPage","@id":"https:\/\/www.hotelhasslerroma.com\/it\/a-hassler-holiday\/","url":"https:\/\/www.hotelhasslerroma.com\/it\/a-hassler-holiday\/","name":"Christmas \u2013 Festive Experiences & Dining | Hotel Hassler Roma","isPartOf":{"@id":"https:\/\/www.hotelhasslerroma.com\/it\/#website"},"datePublished":"2025-11-27T10:40:02+00:00","dateModified":"2025-11-28T08:10:16+00:00","description":"Hotel Hassler Roma invites you to celebrate Christmas with gourmet dining, elegant brunches and a magical festive atmosphere.","breadcrumb":{"@id":"https:\/\/www.hotelhasslerroma.com\/it\/a-hassler-holiday\/#breadcrumb"},"inLanguage":"it-IT","potentialAction":[{"@type":"ReadAction","target":["https:\/\/www.hotelhasslerroma.com\/it\/a-hassler-holiday\/"]}]},{"@type":"BreadcrumbList","@id":"https:\/\/www.hotelhasslerroma.com\/it\/a-hassler-holiday\/#breadcrumb","itemListElement":[{"@type":"ListItem","position":1,"name":"Home","item":"https:\/\/www.hotelhasslerroma.com\/it\/"},{"@type":"ListItem","position":2,"name":"A Hassler Holiday"}]},{"@type":"WebSite","@id":"https:\/\/www.hotelhasslerroma.com\/it\/#website","url":"https:\/\/www.hotelhasslerroma.com\/it\/","name":"Hotel Hassler Roma","description":"","potentialAction":[{"@type":"SearchAction","target":{"@type":"EntryPoint","urlTemplate":"https:\/\/www.hotelhasslerroma.com\/it\/?s={search_term_string}"},"query-input":{"@type":"PropertyValueSpecification","valueRequired":true,"valueName":"search_term_string"}}],"inLanguage":"it-IT"}]}},"_links":{"self":[{"href":"https:\/\/www.hotelhasslerroma.com\/it\/wp-json\/wp\/v2\/pages\/10559","targetHints":{"allow":["GET"]}}],"collection":[{"href":"https:\/\/www.hotelhasslerroma.com\/it\/wp-json\/wp\/v2\/pages"}],"about":[{"href":"https:\/\/www.hotelhasslerroma.com\/it\/wp-json\/wp\/v2\/types\/page"}],"author":[{"embeddable":true,"href":"https:\/\/www.hotelhasslerroma.com\/it\/wp-json\/wp\/v2\/users\/1"}],"replies":[{"embeddable":true,"href":"https:\/\/www.hotelhasslerroma.com\/it\/wp-json\/wp\/v2\/comments?post=10559"}],"version-history":[{"count":5,"href":"https:\/\/www.hotelhasslerroma.com\/it\/wp-json\/wp\/v2\/pages\/10559\/revisions"}],"predecessor-version":[{"id":10628,"href":"https:\/\/www.hotelhasslerroma.com\/it\/wp-json\/wp\/v2\/pages\/10559\/revisions\/10628"}],"wp:attachment":[{"href":"https:\/\/www.hotelhasslerroma.com\/it\/wp-json\/wp\/v2\/media?parent=10559"}],"curies":[{"name":"wp","href":"https:\/\/api.w.org\/{rel}","templated":true}]}}